{"id":9291,"date":"2024-11-11T18:26:27","date_gmt":"2024-11-11T18:26:27","guid":{"rendered":"https:\/\/quizzical-darwin.217-154-5-62.plesk.page\/?page_id=9291"},"modified":"2024-11-11T18:30:39","modified_gmt":"2024-11-11T18:30:39","slug":"impressum","status":"publish","type":"page","link":"https:\/\/quizzical-darwin.217-154-5-62.plesk.page\/index.php\/impressum\/","title":{"rendered":"Impressum"},"content":{"rendered":"\t\t<div data-elementor-type=\"wp-page\" data-elementor-id=\"9291\" class=\"elementor elementor-9291\">\n\t\t\t\t<div class=\"elementor-element elementor-element-b1dc0fa e-flex e-con-boxed e-con e-parent\" data-id=\"b1dc0fa\" data-element_type=\"container\">\n\t\t\t\t\t<div class=\"e-con-inner\">\n\t\t\t\t<div class=\"elementor-element elementor-element-2da5b42 elementor-widget elementor-widget-text-editor\" data-id=\"2da5b42\" data-element_type=\"widget\" data-settings=\"{&quot;ekit_we_effect_on&quot;:&quot;none&quot;}\" data-widget_type=\"text-editor.default\">\n\t\t\t\t<div class=\"elementor-widget-container\">\n\t\t\t\t\t\t\t<div class=\"module-container-custom module-container-root\"><div class=\"heading-module-ec94a0f6-0038-4db5-8235-b5789112b76b heading-root\"><div><h1><strong>Impressum<\/strong><\/h1><\/div><\/div><\/div><div class=\"module-container-custom module-container-root\"><div class=\"text-root text-9050c94c-a8a4-427a-8500-e83afbc804a2\"><div><p><strong>Nijo Energy GmbH<\/strong><br \/>diese wird vertreten durch die Gesch\u00e4ftsf\u00fchrer Nico L. Breuer und John A. Gulder<\/p><p>Hohenwaldeckstra\u00dfe 21<br \/>81541 M\u00fcnchen<br \/>Deutschland<br \/>Telefon:\u00a0+49 (0) 89 3794131-0<br \/>E-Mail: info@nijoenergy.de<\/p><p>\u00a0<\/p><p>USt-IdNr.: DE360739029<br \/>Steuer-Nr.: 143\/166\/72028<br \/>eingetragen im Handelsregister des Amtsgerichtes M\u00fcnchen<br \/>Handelsregisternummer HRB 283096<\/p><p>\u00a0<\/p><p><strong><u>Haftungsausschluss:<\/u><\/strong><\/p><p><strong>Inhalte:<\/strong>\u00a0<\/p><p>Wir bem\u00fchen uns, sicherzustellen, dass die Inhalte unserer Seiten genau, vollst\u00e4ndig und aktuell sind. Obwohl wir uns alle M\u00fche geben, k\u00f6nnen wir jedoch keine Garantie f\u00fcr ihre Richtigkeit \u00fcbernehmen. Als Dienstanbieter sind wir gem\u00e4\u00df \u00a7 7 Absatz 1 TMG f\u00fcr unsere eigenen Inhalte verantwortlich. Laut den \u00a7\u00a7 8 bis 10 TMG m\u00fcssen wir jedoch nicht \u00fcber \u00fcbermittelte oder gespeicherte Informationen von Dritten wachen oder nach Hinweisen auf rechtswidrige Aktivit\u00e4ten suchen. Verpflichtungen zur Entfernung oder Sperrung der Nutzung solcher Informationen nach geltendem Recht bleiben davon unber\u00fchrt. Haftung ist jedoch erst nach Kenntnis einer konkreten Rechtsverletzung m\u00f6glich. Sobald wir von einer solchen Verletzung erfahren, werden wir die betreffenden Inhalte umgehend entfernen.<\/p><p><strong>Links:<\/strong><\/p><p>Unser Angebot enth\u00e4lt Links zu Websites Dritter, deren Inhalte wir nicht beeinflussen k\u00f6nnen. Daher k\u00f6nnen wir auch keine Garantie f\u00fcr diese Inhalte \u00fcbernehmen. Der jeweilige Anbieter oder Betreiber der verlinkten Seiten ist immer f\u00fcr deren Inhalte verantwortlich. Zum Zeitpunkt der Verlinkung wurden die verlinkten Seiten auf m\u00f6gliche rechtswidrige Inhalte \u00fcberpr\u00fcft. Zu diesem Zeitpunkt waren keine solchen Inhalte erkennbar. Es ist jedoch nicht zumutbar, die Inhalte der verlinkten Seiten st\u00e4ndig zu \u00fcberpr\u00fcfen, es sei denn, es liegen konkrete Hinweise auf eine Rechtsverletzung vor. Sobald wir von einer solchen Verletzung erfahren, werden wir den entsprechenden Link umgehend entfernen.<\/p><p><strong>Urheberrecht:<\/strong><\/p><p>Die Inhalte und Werke auf unseren Seiten, die von uns erstellt wurden, unterliegen dem deutschen Urheberrecht. Vervielf\u00e4ltigung, Bearbeitung, Verbreitung und jede Art der Verwertung jenseits der Grenzen des Urheberrechts erfordern die schriftliche Zustimmung des jeweiligen Autors oder Erstellers. Downloads und Kopien dieser Seite sind nur f\u00fcr den privaten, nicht-kommerziellen Gebrauch erlaubt. Ein l\u00fcckenloser Schutz der Daten vor dem Zugriff durch Dritte ist nicht m\u00f6glich. Der Nutzung von im Rahmen der Impressumspflicht ver\u00f6ffentlichten Kontaktdaten durch Dritte zur \u00dcbersendung von nicht ausdr\u00fccklich angeforderter Werbung und Informationsmaterialien wird hiermit ausdr\u00fccklich widersprochen. Die Betreiber der Seiten behalten sich ausdr\u00fccklich rechtliche Schritte im Falle der unverlangten Zusendung von Werbeinformationen, etwa durch Spam-Mails, vor.<\/p><p><strong>Allgemeiner Haftungsausschluss:<\/strong><\/p><p>Unsere Webseite wurde mit gr\u00f6\u00dftm\u00f6glicher Sorgfalt erstellt und gepflegt. Trotzdem kann keine Garantie f\u00fcr die Fehlerfreiheit und Genauigkeit der bereitgestellten Informationen \u00fcbernommen werden. Wir \u00fcbernehmen keine Haftung f\u00fcr Sch\u00e4den, die durch die Nutzung der bereitgestellten Informationen oder durch die Unm\u00f6glichkeit deren Nutzung entstehen. Dies gilt auch f\u00fcr Sch\u00e4den, die durch technische St\u00f6rungen oder Unterbrechungen verursacht werden.<\/p><p>Dieser Haftungsausschluss ist als Teil des Internetangebotes zu betrachten, von dem aus auf diese Seite verwiesen wurde. Sofern Teile oder einzelne Formulierungen dieses Textes der geltenden Rechtslage nicht, nicht mehr oder nicht vollst\u00e4ndig entsprechen sollten, bleiben die \u00fcbrigen Teile des Dokumentes in ihrem Inhalt und ihrer G\u00fcltigkeit davon unber\u00fchrt.<\/p><p><strong>Google Analytics:<\/strong><\/p><p>Diese Seite nutzt die Dienste von Google Analytics, einer Webanalyse-L\u00f6sung von Google Inc. (\u201cGoogle\u201d). Dabei verwendet Google Analytics sogenannte \u201cCookies\u201d &#8211; Textdateien, die auf Ihrem Computer gespeichert werden und eine Analyse Ihrer Website-Nutzung erm\u00f6glichen. Die Informationen, die durch den Cookie \u00fcber Ihre Nutzung dieser Website generiert werden (einschlie\u00dflich Ihrer IP-Adresse), werden an einen Server von Google in den USA \u00fcbertragen und dort gespeichert. Google wird diese Informationen nutzen, um Ihre Website-Nutzung auszuwerten, um Berichte \u00fcber Website-Aktivit\u00e4ten f\u00fcr die Website-Betreiber zusammenzustellen und weitere Dienstleistungen im Zusammenhang mit Website-Nutzung und Internet-Nutzung zu erbringen. Unter bestimmten Umst\u00e4nden kann Google diese Informationen auch an Dritte weitergeben, wenn dies gesetzlich vorgeschrieben ist oder wenn Dritte diese Daten im Auftrag von Google verarbeiten. Google wird Ihre IP-Adresse in keinem Fall mit anderen Daten von Google in Verbindung bringen. Sie k\u00f6nnen die Installation von Cookies verhindern, indem Sie die entsprechenden Einstellungen in Ihrer Browser-Software vornehmen. Beachten Sie jedoch, dass Sie in diesem Fall m\u00f6glicherweise nicht alle Funktionen dieser Website in vollem Umfang nutzen k\u00f6nnen. Durch die Nutzung dieser Website erkl\u00e4ren Sie sich damit einverstanden, dass Google die \u00fcber Sie gesammelten Daten auf die oben beschriebene Art und Weise und zu dem oben genannten Zweck verarbeitet.<\/p><\/div><\/div><\/div>\t\t\t\t\t\t<\/div>\n\t\t\t\t<\/div>\n\t\t\t\t\t<\/div>\n\t\t\t\t<\/div>\n\t\t\t\t<\/div>\n\t\t","protected":false},"excerpt":{"rendered":"<p>Impressum Nijo Energy GmbHdiese wird vertreten durch die Gesch\u00e4ftsf\u00fchrer Nico L. Breuer und John A. Gulder Hohenwaldeckstra\u00dfe 2181541 M\u00fcnchenDeutschlandTelefon:\u00a0+49 (0) 89 3794131-0E-Mail: info@nijoenergy.de \u00a0 USt-IdNr.: DE360739029Steuer-Nr.: 143\/166\/72028eingetragen im Handelsregister des Amtsgerichtes M\u00fcnchenHandelsregisternummer HRB 283096 \u00a0 Haftungsausschluss: Inhalte:\u00a0 Wir bem\u00fchen uns, sicherzustellen, dass die Inhalte unserer Seiten genau, vollst\u00e4ndig und aktuell sind. Obwohl wir uns alle [&hellip;]<\/p>\n","protected":false},"author":1,"featured_media":0,"parent":0,"menu_order":0,"comment_status":"closed","ping_status":"closed","template":"elementor_theme","meta":{"footnotes":""},"class_list":["post-9291","page","type-page","status-publish","hentry"],"_links":{"self":[{"href":"https:\/\/quizzical-darwin.217-154-5-62.plesk.page\/index.php\/wp-json\/wp\/v2\/pages\/9291","targetHints":{"allow":["GET"]}}],"collection":[{"href":"https:\/\/quizzical-darwin.217-154-5-62.plesk.page\/index.php\/wp-json\/wp\/v2\/pages"}],"about":[{"href":"https:\/\/quizzical-darwin.217-154-5-62.plesk.page\/index.php\/wp-json\/wp\/v2\/types\/page"}],"author":[{"embeddable":true,"href":"https:\/\/quizzical-darwin.217-154-5-62.plesk.page\/index.php\/wp-json\/wp\/v2\/users\/1"}],"replies":[{"embeddable":true,"href":"https:\/\/quizzical-darwin.217-154-5-62.plesk.page\/index.php\/wp-json\/wp\/v2\/comments?post=9291"}],"version-history":[{"count":16,"href":"https:\/\/quizzical-darwin.217-154-5-62.plesk.page\/index.php\/wp-json\/wp\/v2\/pages\/9291\/revisions"}],"predecessor-version":[{"id":9307,"href":"https:\/\/quizzical-darwin.217-154-5-62.plesk.page\/index.php\/wp-json\/wp\/v2\/pages\/9291\/revisions\/9307"}],"wp:attachment":[{"href":"https:\/\/quizzical-darwin.217-154-5-62.plesk.page\/index.php\/wp-json\/wp\/v2\/media?parent=9291"}],"curies":[{"name":"wp","href":"https:\/\/api.w.org\/{rel}","templated":true}]}}